{"id":5,"date":"2021-09-29T14:36:05","date_gmt":"2021-09-29T14:36:05","guid":{"rendered":"https:\/\/jordenruntpodden.se\/?page_id=5"},"modified":"2025-04-01T10:23:55","modified_gmt":"2025-04-01T10:23:55","slug":"en-reskompis-i-poddvarlden","status":"publish","type":"page","link":"https:\/\/jordenruntpodden.se\/","title":{"rendered":"En reskompis i poddv\u00e4rlden"},"content":{"rendered":"\n<figure class=\"wp-block-gallery has-nested-images columns-default is-cropped wp-block-gallery-1 is-layout-flex wp-block-gallery-is-layout-flex\">\n<figure class=\"wp-block-image size-large\"><img loading=\"lazy\" decoding=\"async\" width=\"768\" height=\"1024\" data-id=\"1065\" src=\"https:\/\/jordenruntpodden.se\/wp-content\/uploads\/2024\/07\/IMG_9875-768x1024.jpg\" alt=\"\" class=\"wp-image-1065\" srcset=\"https:\/\/jordenruntpodden.se\/wp-content\/uploads\/2024\/07\/IMG_9875-768x1024.jpg 768w, https:\/\/jordenruntpodden.se\/wp-content\/uploads\/2024\/07\/IMG_9875-225x300.jpg 225w, https:\/\/jordenruntpodden.se\/wp-content\/uploads\/2024\/07\/IMG_9875-1152x1536.jpg 1152w, https:\/\/jordenruntpodden.se\/wp-content\/uploads\/2024\/07\/IMG_9875-1536x2048.jpg 1536w, https:\/\/jordenruntpodden.se\/wp-content\/uploads\/2024\/07\/IMG_9875-1568x2091.jpg 1568w, https:\/\/jordenruntpodden.se\/wp-content\/uploads\/2024\/07\/IMG_9875-scaled.jpg 1920w\" sizes=\"auto, (max-width: 768px) 100vw, 768px\" \/><\/figure>\n\n\n\n<figure class=\"wp-block-image size-large\"><img loading=\"lazy\" decoding=\"async\" width=\"863\" height=\"1024\" data-id=\"1062\" src=\"https:\/\/jordenruntpodden.se\/wp-content\/uploads\/2024\/07\/IMG_2540-863x1024.jpg\" alt=\"\" class=\"wp-image-1062\" srcset=\"https:\/\/jordenruntpodden.se\/wp-content\/uploads\/2024\/07\/IMG_2540-863x1024.jpg 863w, https:\/\/jordenruntpodden.se\/wp-content\/uploads\/2024\/07\/IMG_2540-253x300.jpg 253w, https:\/\/jordenruntpodden.se\/wp-content\/uploads\/2024\/07\/IMG_2540-768x911.jpg 768w, https:\/\/jordenruntpodden.se\/wp-content\/uploads\/2024\/07\/IMG_2540.jpg 960w\" sizes=\"auto, (max-width: 863px) 100vw, 863px\" \/><\/figure>\n\n\n\n<figure class=\"wp-block-image size-large\"><img loading=\"lazy\" decoding=\"async\" width=\"768\" height=\"1024\" data-id=\"1066\" src=\"https:\/\/jordenruntpodden.se\/wp-content\/uploads\/2024\/07\/IMG_9755-768x1024.jpg\" alt=\"\" class=\"wp-image-1066\" srcset=\"https:\/\/jordenruntpodden.se\/wp-content\/uploads\/2024\/07\/IMG_9755-768x1024.jpg 768w, https:\/\/jordenruntpodden.se\/wp-content\/uploads\/2024\/07\/IMG_9755-225x300.jpg 225w, https:\/\/jordenruntpodden.se\/wp-content\/uploads\/2024\/07\/IMG_9755-1152x1536.jpg 1152w, https:\/\/jordenruntpodden.se\/wp-content\/uploads\/2024\/07\/IMG_9755-1536x2048.jpg 1536w, https:\/\/jordenruntpodden.se\/wp-content\/uploads\/2024\/07\/IMG_9755-1568x2091.jpg 1568w, https:\/\/jordenruntpodden.se\/wp-content\/uploads\/2024\/07\/IMG_9755-scaled.jpg 1920w\" sizes=\"auto, (max-width: 768px) 100vw, 768px\" \/><\/figure>\n<\/figure>\n\n\n\n<div class=\"wp-block-columns alignwide are-vertically-aligned-center is-style-twentytwentyone-columns-overlap is-layout-flex wp-container-core-columns-is-layout-9d6595d7 wp-block-columns-is-layout-flex\">\n<div class=\"wp-block-column is-vertically-aligned-center is-layout-flow wp-block-column-is-layout-flow\"><\/div>\n<\/div>\n\n\n\n<p><strong>V\u00e4lkommen till Jordenruntpodden \u2013 resepodden f\u00f6r dig som \u00e4lskar \u00e4ventyr!<\/strong> \ud83c\udf0d\ud83c\udf99<\/p>\n\n\n\n<p>Jordenruntpodden tar dig med p\u00e5 b\u00e5de l\u00e5nga och korta resor, fulla av inspiration, tips och sp\u00e4nnande ber\u00e4ttelser. Vi som driver podden \u00e4r <strong><a href=\"http:\/\/frokenglobetrotter.se\">Linda Bj\u00f6rk<\/a><\/strong> och <strong><a href=\"https:\/\/www.instagram.com\/paulina_skandiamaklarna\/\">Paulina Sundqvist<\/a><\/strong> \u2013 tv\u00e5 reseentusiaster med olika bakgrunder men samma passion f\u00f6r att uppt\u00e4cka v\u00e4rlden.<\/p>\n\n\n\n<p>\u2708\ufe0f <strong><a href=\"http:\/\/instagram.com\/frokenglobetrotter\">Linda<\/a><\/strong> \u00e4r l\u00e4rare, resebloggare och \u00e4lskar att prata om allt som r\u00f6r resor.<br>\ud83c\udfdd <strong>Paulina<\/strong> jobbar som m\u00e4klare p\u00e5 Skandiam\u00e4klarna i Spanien och har en stark koppling till reselivet.<\/p>\n\n\n\n<p>I podden pratar vi om allt fr\u00e5n <strong>budgetresor och lyxsemester till l\u00e5ngresor, \u00e4ventyr och att bo utomlands<\/strong>. I podden ryms ocks\u00e5 resor med och utan familjen, weekendresor och inspirerande intervjuer. Nya avsnitt sl\u00e4pps regelbundet \u2013 <a href=\"http:\/\/instagram.se\/jordenruntpodden\">f\u00f6lj oss<\/a> och l\u00e5t oss inspirera dig till ditt n\u00e4sta \u00e4ventyr!  Mer om oss och v\u00e5r podd <a data-type=\"page\" data-id=\"6\" href=\"https:\/\/jordenruntpodden.se\/?page_id=6\" target=\"_blank\" rel=\"noreferrer noopener\">kan du l\u00e4sa h\u00e4r<\/a>.<\/p>\n\n\n\n<p>\ud83d\udccd <strong>Lyssna p\u00e5 Jordenruntpodden d\u00e4r poddar finns!<\/strong><\/p>\n\n\n\n<div style=\"height:50px\" aria-hidden=\"true\" class=\"wp-block-spacer\"><\/div>\n\n\n\n<h2 class=\"wp-block-heading has-text-align-center\">Om oss<\/h2>\n\n\n\n<hr class=\"wp-block-separator has-alpha-channel-opacity is-style-twentytwentyone-separator-thick\"\/>\n\n\n\n<div class=\"wp-block-columns alignwide are-vertically-aligned-top is-layout-flex wp-container-core-columns-is-layout-9d6595d7 wp-block-columns-is-layout-flex\">\n<div class=\"wp-block-column is-vertically-aligned-top is-layout-flow wp-block-column-is-layout-flow\">\n<h3 class=\"wp-block-heading has-text-align-center\" id=\"linda-bjork\">Linda Bj\u00f6rk<\/h3>\n\n\n\n<figure class=\"wp-block-image size-full is-resized\"><img loading=\"lazy\" decoding=\"async\" width=\"1290\" height=\"1427\" src=\"https:\/\/jordenruntpodden.se\/wp-content\/uploads\/2023\/10\/Foto-2023-10-06-17-51-24.jpg\" alt=\"Linda Bj\u00f6rk\" class=\"wp-image-985\" style=\"object-fit:contain;width:400px;height:400px\" srcset=\"https:\/\/jordenruntpodden.se\/wp-content\/uploads\/2023\/10\/Foto-2023-10-06-17-51-24.jpg 1290w, https:\/\/jordenruntpodden.se\/wp-content\/uploads\/2023\/10\/Foto-2023-10-06-17-51-24-271x300.jpg 271w, https:\/\/jordenruntpodden.se\/wp-content\/uploads\/2023\/10\/Foto-2023-10-06-17-51-24-926x1024.jpg 926w, https:\/\/jordenruntpodden.se\/wp-content\/uploads\/2023\/10\/Foto-2023-10-06-17-51-24-768x850.jpg 768w\" sizes=\"auto, (max-width: 1290px) 100vw, 1290px\" \/><\/figure>\n\n\n\n<p><a href=\"http:\/\/frokenglobetrotter.se\">Bloggar p\u00e5 Fr\u00f6ken Globetrotter<\/a><\/p>\n\n\n\n<p>Linda \u00e4r resebloggare och finns till vardags p\u00e5 <a href=\"https:\/\/frokenglobetrotter.se\/\">blogg<\/a> och <a href=\"http:\/\/instagram.com\/2globetrotters_resermedbarn\" target=\"_blank\" rel=\"noreferrer noopener\">Instagram<\/a> under namnet Fr\u00f6ken Globetrotter. Hon \u00e4lskar hemliga barer, historia och att bes\u00f6ka nya l\u00e4nder. <\/p>\n<\/div>\n\n\n\n<div class=\"wp-block-column is-layout-flow wp-block-column-is-layout-flow\">\n<h3 class=\"wp-block-heading has-text-align-center\">Senaste avsnittet<\/h3>\n\n\n\n<figure class=\"wp-block-embed is-type-rich is-provider-spotify wp-block-embed-spotify wp-embed-aspect-21-9 wp-has-aspect-ratio\"><div class=\"wp-block-embed__wrapper\">\n<iframe title=\"Spotify Embed: 37. Gotland \u2013 raukar, turkost vatten och hemliga bunkrar! \ud83c\udfdd\ufe0f\ud83d\udc11\" style=\"border-radius: 12px\" width=\"100%\" height=\"152\" frameborder=\"0\" allowfullscreen allow=\"autoplay; clipboard-write; encrypted-media; fullscreen; picture-in-picture\" loading=\"lazy\" src=\"https:\/\/open.spotify.com\/embed\/show\/7EQpJWLpNMV8IAczuqPWEe?si=0a3bb0d321f24b40&#038;utm_source=oembed\"><\/iframe>\n<\/div><\/figure>\n\n\n\n<p><\/p>\n\n\n\n<p><\/p>\n<\/div>\n\n\n\n<div class=\"wp-block-column is-layout-flow wp-block-column-is-layout-flow\">\n<h3 class=\"wp-block-heading has-text-align-center\">Paulina Sundqvist<\/h3>\n\n\n\n<figure class=\"wp-block-image size-full is-resized\"><img loading=\"lazy\" decoding=\"async\" width=\"1200\" height=\"1600\" src=\"https:\/\/jordenruntpodden.se\/wp-content\/uploads\/2023\/10\/Foto-2023-10-06-18-26-10.jpg\" alt=\"\" class=\"wp-image-998\" style=\"object-fit:contain;width:400px;height:400px\" srcset=\"https:\/\/jordenruntpodden.se\/wp-content\/uploads\/2023\/10\/Foto-2023-10-06-18-26-10.jpg 1200w, https:\/\/jordenruntpodden.se\/wp-content\/uploads\/2023\/10\/Foto-2023-10-06-18-26-10-225x300.jpg 225w, https:\/\/jordenruntpodden.se\/wp-content\/uploads\/2023\/10\/Foto-2023-10-06-18-26-10-768x1024.jpg 768w, https:\/\/jordenruntpodden.se\/wp-content\/uploads\/2023\/10\/Foto-2023-10-06-18-26-10-1152x1536.jpg 1152w\" sizes=\"auto, (max-width: 1200px) 100vw, 1200px\" \/><\/figure>\n\n\n\n<p><a href=\"http:\/\/instagram.com\/paulina_skandiamaklarna\">M\u00e4klare i Spanien<\/a><\/p>\n\n\n\n<p>Paulina kommer fr\u00e5n Kiruna men har bott i Spanien halva livet och har jobbat som b\u00e5de flygv\u00e4rdinna och hotellreceptionist men nu \u00e4r hon prisvinnande m\u00e4klare p\u00e5 Costa Blanca i Spanien.<\/p>\n<\/div>\n<\/div>\n\n\n\n<hr class=\"wp-block-separator has-alpha-channel-opacity\"\/>\n\n\n\n<figure class=\"wp-block-image size-large is-resized\"><img loading=\"lazy\" decoding=\"async\" width=\"768\" height=\"1024\" src=\"https:\/\/jordenruntpodden.se\/wp-content\/uploads\/2024\/07\/IMG_9928-1-1-768x1024.jpg\" alt=\"\" class=\"wp-image-1074\" style=\"width:560px;height:auto\" srcset=\"https:\/\/jordenruntpodden.se\/wp-content\/uploads\/2024\/07\/IMG_9928-1-1-768x1024.jpg 768w, https:\/\/jordenruntpodden.se\/wp-content\/uploads\/2024\/07\/IMG_9928-1-1-225x300.jpg 225w, https:\/\/jordenruntpodden.se\/wp-content\/uploads\/2024\/07\/IMG_9928-1-1-1152x1536.jpg 1152w, https:\/\/jordenruntpodden.se\/wp-content\/uploads\/2024\/07\/IMG_9928-1-1-1536x2048.jpg 1536w, https:\/\/jordenruntpodden.se\/wp-content\/uploads\/2024\/07\/IMG_9928-1-1-1568x2091.jpg 1568w, https:\/\/jordenruntpodden.se\/wp-content\/uploads\/2024\/07\/IMG_9928-1-1-scaled.jpg 1920w\" sizes=\"auto, (max-width: 768px) 100vw, 768px\" \/><\/figure>\n\n\n\n<h2 class=\"wp-block-heading\">Samarbeta med oss<\/h2>\n\n\n\n<p>Vill du samarbeta med oss? Kanske vill du att ditt f\u00f6retagsnamn ska h\u00f6ras i v\u00e5r podd eller s\u00e5 vill du att vi kommer och bes\u00f6ker ditt utflyktsm\u00e5l. <a data-type=\"page\" data-id=\"7\" href=\"https:\/\/jordenruntpodden.se\/?page_id=7\">Tveka inte att kontakta oss<\/a>.<\/p>\n","protected":false},"excerpt":{"rendered":"<p>V\u00e4lkommen till Jordenruntpodden \u2013 resepodden f\u00f6r dig som \u00e4lskar \u00e4ventyr! \ud83c\udf0d\ud83c\udf99 Jordenruntpodden tar dig med p\u00e5 b\u00e5de l\u00e5nga och korta resor, fulla av inspiration, tips och sp\u00e4nnande ber\u00e4ttelser. Vi som driver podden \u00e4r Linda Bj\u00f6rk och Paulina Sundqvist \u2013 tv\u00e5 reseentusiaster med olika bakgrunder men samma passion f\u00f6r att uppt\u00e4cka v\u00e4rlden. \u2708\ufe0f Linda \u00e4r l\u00e4rare,&hellip; <a class=\"more-link\" href=\"https:\/\/jordenruntpodden.se\/\">Forts\u00e4tt l\u00e4sa <span class=\"screen-reader-text\">En reskompis i poddv\u00e4rlden<\/span><\/a><\/p>\n","protected":false},"author":1,"featured_media":0,"parent":0,"menu_order":0,"comment_status":"closed","ping_status":"closed","template":"","meta":{"footnotes":""},"class_list":["post-5","page","type-page","status-publish","hentry","entry"],"yoast_head":"<!-- This site is optimized with the Yoast SEO plugin v27.2 - https:\/\/yoast.com\/product\/yoast-seo-wordpress\/ -->\n<title>En reskompis i poddv\u00e4rlden - Jordenruntpodden<\/title>\n<meta name=\"description\" content=\"Jordenruntpodden \u00e4r en svensk resepodd som tar dig med p\u00e5 b\u00e5de l\u00e5nga och korta resor. En reskompis i poddv\u00e4rlden helt enkelt!\" \/>\n<meta name=\"robots\" content=\"index, follow, max-snippet:-1, max-image-preview:large, max-video-preview:-1\" \/>\n<link rel=\"canonical\" href=\"https:\/\/jordenruntpodden.se\/\" \/>\n<meta property=\"og:locale\" content=\"sv_SE\" \/>\n<meta property=\"og:type\" content=\"article\" \/>\n<meta property=\"og:title\" content=\"En reskompis i poddv\u00e4rlden - Jordenruntpodden\" \/>\n<meta property=\"og:description\" content=\"Jordenruntpodden \u00e4r en svensk resepodd som tar dig med p\u00e5 b\u00e5de l\u00e5nga och korta resor. En reskompis i poddv\u00e4rlden helt enkelt!\" \/>\n<meta property=\"og:url\" content=\"https:\/\/jordenruntpodden.se\/\" \/>\n<meta property=\"og:site_name\" content=\"Jordenruntpodden\" \/>\n<meta property=\"article:modified_time\" content=\"2025-04-01T10:23:55+00:00\" \/>\n<meta property=\"og:image\" content=\"https:\/\/jordenruntpodden.se\/wp-content\/uploads\/2024\/07\/IMG_9875-768x1024.jpg\" \/>\n<meta name=\"twitter:card\" content=\"summary_large_image\" \/>\n<meta name=\"twitter:label1\" content=\"Ber\u00e4knad l\u00e4stid\" \/>\n\t<meta name=\"twitter:data1\" content=\"3 minuter\" \/>\n<script type=\"application\/ld+json\" class=\"yoast-schema-graph\">{\"@context\":\"https:\/\/schema.org\",\"@graph\":[{\"@type\":\"WebPage\",\"@id\":\"https:\/\/jordenruntpodden.se\/\",\"url\":\"https:\/\/jordenruntpodden.se\/\",\"name\":\"En reskompis i poddv\u00e4rlden - Jordenruntpodden\",\"isPartOf\":{\"@id\":\"https:\/\/jordenruntpodden.se\/#website\"},\"primaryImageOfPage\":{\"@id\":\"https:\/\/jordenruntpodden.se\/#primaryimage\"},\"image\":{\"@id\":\"https:\/\/jordenruntpodden.se\/#primaryimage\"},\"thumbnailUrl\":\"https:\/\/jordenruntpodden.se\/wp-content\/uploads\/2024\/07\/IMG_9875-768x1024.jpg\",\"datePublished\":\"2021-09-29T14:36:05+00:00\",\"dateModified\":\"2025-04-01T10:23:55+00:00\",\"description\":\"Jordenruntpodden \u00e4r en svensk resepodd som tar dig med p\u00e5 b\u00e5de l\u00e5nga och korta resor. En reskompis i poddv\u00e4rlden helt enkelt!\",\"breadcrumb\":{\"@id\":\"https:\/\/jordenruntpodden.se\/#breadcrumb\"},\"inLanguage\":\"sv-SE\",\"potentialAction\":[{\"@type\":\"ReadAction\",\"target\":[\"https:\/\/jordenruntpodden.se\/\"]}]},{\"@type\":\"ImageObject\",\"inLanguage\":\"sv-SE\",\"@id\":\"https:\/\/jordenruntpodden.se\/#primaryimage\",\"url\":\"https:\/\/jordenruntpodden.se\/wp-content\/uploads\/2024\/07\/IMG_9875-scaled.jpg\",\"contentUrl\":\"https:\/\/jordenruntpodden.se\/wp-content\/uploads\/2024\/07\/IMG_9875-scaled.jpg\",\"width\":1920,\"height\":2560},{\"@type\":\"BreadcrumbList\",\"@id\":\"https:\/\/jordenruntpodden.se\/#breadcrumb\",\"itemListElement\":[{\"@type\":\"ListItem\",\"position\":1,\"name\":\"Hem\",\"item\":\"https:\/\/jordenruntpodden.se\/\"},{\"@type\":\"ListItem\",\"position\":2,\"name\":\"En reskompis i poddv\u00e4rlden\"}]},{\"@type\":\"WebSite\",\"@id\":\"https:\/\/jordenruntpodden.se\/#website\",\"url\":\"https:\/\/jordenruntpodden.se\/\",\"name\":\"Jordenruntpodden\",\"description\":\"en resepodd!\",\"publisher\":{\"@id\":\"https:\/\/jordenruntpodden.se\/#organization\"},\"potentialAction\":[{\"@type\":\"SearchAction\",\"target\":{\"@type\":\"EntryPoint\",\"urlTemplate\":\"https:\/\/jordenruntpodden.se\/?s={search_term_string}\"},\"query-input\":{\"@type\":\"PropertyValueSpecification\",\"valueRequired\":true,\"valueName\":\"search_term_string\"}}],\"inLanguage\":\"sv-SE\"},{\"@type\":\"Organization\",\"@id\":\"https:\/\/jordenruntpodden.se\/#organization\",\"name\":\"Jordenruntpodden\",\"url\":\"https:\/\/jordenruntpodden.se\/\",\"logo\":{\"@type\":\"ImageObject\",\"inLanguage\":\"sv-SE\",\"@id\":\"https:\/\/jordenruntpodden.se\/#\/schema\/logo\/image\/\",\"url\":\"https:\/\/jordenruntpodden.se\/wp-content\/uploads\/2021\/09\/cropped-Jorderruntpodden-vit.png\",\"contentUrl\":\"https:\/\/jordenruntpodden.se\/wp-content\/uploads\/2021\/09\/cropped-Jorderruntpodden-vit.png\",\"width\":512,\"height\":512,\"caption\":\"Jordenruntpodden\"},\"image\":{\"@id\":\"https:\/\/jordenruntpodden.se\/#\/schema\/logo\/image\/\"},\"sameAs\":[\"https:\/\/www.instagram.com\/jordenruntpodden\"]}]}<\/script>\n<!-- \/ Yoast SEO plugin. -->","yoast_head_json":{"title":"En reskompis i poddv\u00e4rlden - Jordenruntpodden","description":"Jordenruntpodden \u00e4r en svensk resepodd som tar dig med p\u00e5 b\u00e5de l\u00e5nga och korta resor. En reskompis i poddv\u00e4rlden helt enkelt!","robots":{"index":"index","follow":"follow","max-snippet":"max-snippet:-1","max-image-preview":"max-image-preview:large","max-video-preview":"max-video-preview:-1"},"canonical":"https:\/\/jordenruntpodden.se\/","og_locale":"sv_SE","og_type":"article","og_title":"En reskompis i poddv\u00e4rlden - Jordenruntpodden","og_description":"Jordenruntpodden \u00e4r en svensk resepodd som tar dig med p\u00e5 b\u00e5de l\u00e5nga och korta resor. En reskompis i poddv\u00e4rlden helt enkelt!","og_url":"https:\/\/jordenruntpodden.se\/","og_site_name":"Jordenruntpodden","article_modified_time":"2025-04-01T10:23:55+00:00","og_image":[{"url":"https:\/\/jordenruntpodden.se\/wp-content\/uploads\/2024\/07\/IMG_9875-768x1024.jpg","type":"","width":"","height":""}],"twitter_card":"summary_large_image","twitter_misc":{"Ber\u00e4knad l\u00e4stid":"3 minuter"},"schema":{"@context":"https:\/\/schema.org","@graph":[{"@type":"WebPage","@id":"https:\/\/jordenruntpodden.se\/","url":"https:\/\/jordenruntpodden.se\/","name":"En reskompis i poddv\u00e4rlden - Jordenruntpodden","isPartOf":{"@id":"https:\/\/jordenruntpodden.se\/#website"},"primaryImageOfPage":{"@id":"https:\/\/jordenruntpodden.se\/#primaryimage"},"image":{"@id":"https:\/\/jordenruntpodden.se\/#primaryimage"},"thumbnailUrl":"https:\/\/jordenruntpodden.se\/wp-content\/uploads\/2024\/07\/IMG_9875-768x1024.jpg","datePublished":"2021-09-29T14:36:05+00:00","dateModified":"2025-04-01T10:23:55+00:00","description":"Jordenruntpodden \u00e4r en svensk resepodd som tar dig med p\u00e5 b\u00e5de l\u00e5nga och korta resor. En reskompis i poddv\u00e4rlden helt enkelt!","breadcrumb":{"@id":"https:\/\/jordenruntpodden.se\/#breadcrumb"},"inLanguage":"sv-SE","potentialAction":[{"@type":"ReadAction","target":["https:\/\/jordenruntpodden.se\/"]}]},{"@type":"ImageObject","inLanguage":"sv-SE","@id":"https:\/\/jordenruntpodden.se\/#primaryimage","url":"https:\/\/jordenruntpodden.se\/wp-content\/uploads\/2024\/07\/IMG_9875-scaled.jpg","contentUrl":"https:\/\/jordenruntpodden.se\/wp-content\/uploads\/2024\/07\/IMG_9875-scaled.jpg","width":1920,"height":2560},{"@type":"BreadcrumbList","@id":"https:\/\/jordenruntpodden.se\/#breadcrumb","itemListElement":[{"@type":"ListItem","position":1,"name":"Hem","item":"https:\/\/jordenruntpodden.se\/"},{"@type":"ListItem","position":2,"name":"En reskompis i poddv\u00e4rlden"}]},{"@type":"WebSite","@id":"https:\/\/jordenruntpodden.se\/#website","url":"https:\/\/jordenruntpodden.se\/","name":"Jordenruntpodden","description":"en resepodd!","publisher":{"@id":"https:\/\/jordenruntpodden.se\/#organization"},"potentialAction":[{"@type":"SearchAction","target":{"@type":"EntryPoint","urlTemplate":"https:\/\/jordenruntpodden.se\/?s={search_term_string}"},"query-input":{"@type":"PropertyValueSpecification","valueRequired":true,"valueName":"search_term_string"}}],"inLanguage":"sv-SE"},{"@type":"Organization","@id":"https:\/\/jordenruntpodden.se\/#organization","name":"Jordenruntpodden","url":"https:\/\/jordenruntpodden.se\/","logo":{"@type":"ImageObject","inLanguage":"sv-SE","@id":"https:\/\/jordenruntpodden.se\/#\/schema\/logo\/image\/","url":"https:\/\/jordenruntpodden.se\/wp-content\/uploads\/2021\/09\/cropped-Jorderruntpodden-vit.png","contentUrl":"https:\/\/jordenruntpodden.se\/wp-content\/uploads\/2021\/09\/cropped-Jorderruntpodden-vit.png","width":512,"height":512,"caption":"Jordenruntpodden"},"image":{"@id":"https:\/\/jordenruntpodden.se\/#\/schema\/logo\/image\/"},"sameAs":["https:\/\/www.instagram.com\/jordenruntpodden"]}]}},"_links":{"self":[{"href":"https:\/\/jordenruntpodden.se\/index.php?rest_route=\/wp\/v2\/pages\/5","targetHints":{"allow":["GET"]}}],"collection":[{"href":"https:\/\/jordenruntpodden.se\/index.php?rest_route=\/wp\/v2\/pages"}],"about":[{"href":"https:\/\/jordenruntpodden.se\/index.php?rest_route=\/wp\/v2\/types\/page"}],"author":[{"embeddable":true,"href":"https:\/\/jordenruntpodden.se\/index.php?rest_route=\/wp\/v2\/users\/1"}],"replies":[{"embeddable":true,"href":"https:\/\/jordenruntpodden.se\/index.php?rest_route=%2Fwp%2Fv2%2Fcomments&post=5"}],"version-history":[{"count":56,"href":"https:\/\/jordenruntpodden.se\/index.php?rest_route=\/wp\/v2\/pages\/5\/revisions"}],"predecessor-version":[{"id":1124,"href":"https:\/\/jordenruntpodden.se\/index.php?rest_route=\/wp\/v2\/pages\/5\/revisions\/1124"}],"wp:attachment":[{"href":"https:\/\/jordenruntpodden.se\/index.php?rest_route=%2Fwp%2Fv2%2Fmedia&parent=5"}],"curies":[{"name":"wp","href":"https:\/\/api.w.org\/{rel}","templated":true}]}}