{"id":6,"date":"2021-09-29T14:36:05","date_gmt":"2021-09-29T14:36:05","guid":{"rendered":"https:\/\/jordenruntpodden.se\/?page_id=6"},"modified":"2025-04-01T10:28:54","modified_gmt":"2025-04-01T10:28:54","slug":"en-resepodd","status":"publish","type":"page","link":"https:\/\/jordenruntpodden.se\/?page_id=6","title":{"rendered":"Om Jordenruntpodden"},"content":{"rendered":"\n<figure class=\"wp-block-image size-full\"><img loading=\"lazy\" decoding=\"async\" width=\"1080\" height=\"720\" src=\"https:\/\/jordenruntpodden.se\/wp-content\/uploads\/2022\/01\/FotografRosannaKoran-www.rokofoto.se-LindaCornelia-21jan2022-023-1.jpg\" alt=\"Jordenruntpodden - en resepodd\" class=\"wp-image-211\" srcset=\"https:\/\/jordenruntpodden.se\/wp-content\/uploads\/2022\/01\/FotografRosannaKoran-www.rokofoto.se-LindaCornelia-21jan2022-023-1.jpg 1080w, https:\/\/jordenruntpodden.se\/wp-content\/uploads\/2022\/01\/FotografRosannaKoran-www.rokofoto.se-LindaCornelia-21jan2022-023-1-300x200.jpg 300w, https:\/\/jordenruntpodden.se\/wp-content\/uploads\/2022\/01\/FotografRosannaKoran-www.rokofoto.se-LindaCornelia-21jan2022-023-1-1024x683.jpg 1024w, https:\/\/jordenruntpodden.se\/wp-content\/uploads\/2022\/01\/FotografRosannaKoran-www.rokofoto.se-LindaCornelia-21jan2022-023-1-768x512.jpg 768w\" sizes=\"auto, (max-width: 1080px) 100vw, 1080px\" \/><figcaption class=\"wp-element-caption\">Foto:&nbsp;<a rel=\"noreferrer noopener\" href=\"https:\/\/www.rokofoto.se\/\" target=\"_blank\">Rokofoto<\/a><\/figcaption><\/figure>\n\n\n\n<h3 class=\"wp-block-heading\"><strong>Om Jordenruntpodden \u2013 Din resekompis i poddv\u00e4rlden!<\/strong> \ud83c\udf0d\ud83c\udf99<\/h3>\n\n\n\n<p>Jordenruntpodden \u00e4r <strong>resepodden f\u00f6r dig som \u00e4lskar att uppt\u00e4cka v\u00e4rlden<\/strong> \u2013 oavsett om det handlar om en l\u00e5ngresa, en weekendtrip eller en dr\u00f6mresa jorden runt. H\u00e4r f\u00e5r du inspiration, resetips och sp\u00e4nnande ber\u00e4ttelser fr\u00e5n b\u00e5de oss och v\u00e5ra g\u00e4ster.<\/p>\n\n\n\n<p>Podden startades i <strong>september 2021<\/strong> av resebloggarna <strong>Linda och Cornelia<\/strong>, som tillsammans drev podden i 16 avsnitt under ett drygt \u00e5r. Sedan januari 2023 har <strong>Linda<\/strong> fortsatt podden tillsammans med <strong>Paulina<\/strong>, som \u00e4r m\u00e4klare p\u00e5 Costa Blanca i Spanien.<\/p>\n\n\n\n<p>\ud83c\udfa4 <strong>Vilka \u00e4r vi?<\/strong><\/p>\n\n\n\n<ul class=\"wp-block-list\">\n<li><strong>Linda<\/strong> bor i Kalmar, bes\u00f6ker ofta \u00d6land och har en dr\u00f6m om att bes\u00f6ka alla v\u00e4rldens l\u00e4nder \u2013 hittills har det blivit <strong>65+ l\u00e4nder<\/strong>! Hennes b\u00e4sta resor inkluderar <strong>safari i Sydafrika, Havanna, Antarktiskryssning, roadtrip i USA och Treriksr\u00f6set<\/strong>. Hon \u00e4lskar cocktails, nutidshistoria och att bes\u00f6ka <strong>hemliga barer och historiska platser<\/strong>.<\/li>\n\n\n\n<li><strong>Paulina<\/strong> bor i Spanien, har ett f\u00f6rflutet som <strong>flygv\u00e4rdinna och hotellreceptionist<\/strong>, och \u00e4lskar att uppt\u00e4cka nya platser genom mat. Om hon inte gillar maten? D\u00e5 blir det en annan destination! Hennes dr\u00f6mresa \u00e4r en <strong>yogaresa till Indien<\/strong>.<\/li>\n<\/ul>\n\n\n\n<p>\ud83d\udccc <strong>Vad pratar vi om i podden?<\/strong><br>Vi sl\u00e4pper ett nytt avsnitt <strong>en g\u00e5ng i m\u00e5naden<\/strong> och snackar om allt som r\u00f6r resor \u2013 fr\u00e5n <strong>t\u00e5gresor i Europa<\/strong> och <strong>l\u00e5ngsegling med barn<\/strong> till <strong>roadtrips, backpacking och att bo utomlands<\/strong>. N\u00e5gra av v\u00e5ra popul\u00e4raste avsnitt \u00e4r:<br>\u2714\ufe0f <strong>Intervju med Eddie fr\u00e5n Rosa Bussarna<\/strong><br>\u2714\ufe0f <strong>T\u00e5gresor i Europa med Sandra &amp; Tina<\/strong><br>\u2714\ufe0f <strong>Vandringstips med Emma<\/strong><\/p>\n\n\n\n<p>\ud83d\udccd <strong>Var kan du lyssna?<\/strong><br>Jordenruntpodden finns d\u00e4r poddar finns \u2013 <a href=\"https:\/\/open.spotify.com\/show\/7EQpJWLpNMV8IAczuqPWEe?si=833576ef627d447b\"><strong>exempelvis p\u00e5 Spotify<\/strong>.<\/a> Senaste avsnittet, information och l\u00e4nkar till det vi n\u00e4mner hittar du alltid <a href=\"https:\/\/jordenruntpodden.se\/?page_id=8\">h\u00e4r<\/a> p\u00e5 v\u00e5r hemsida.<\/p>\n\n\n\n<p>\ud83d\udd0d <strong>Sugen p\u00e5 att utforska v\u00e4rlden med oss?<\/strong> S\u00f6k bland v\u00e5ra avsnitt och h\u00e4ng med p\u00e5 resan!<\/p>\n\n\n\n<p>Senaste avsnittet, information och l\u00e4nkar till s\u00e5dant vi n\u00e4mner i avsnitten <a href=\"https:\/\/jordenruntpodden.se\/?page_id=8\" target=\"_blank\" rel=\"noreferrer noopener\">hittar du alltid h\u00e4r<\/a>.<\/p>\n","protected":false},"excerpt":{"rendered":"<p>Om Jordenruntpodden \u2013 Din resekompis i poddv\u00e4rlden! \ud83c\udf0d\ud83c\udf99 Jordenruntpodden \u00e4r resepodden f\u00f6r dig som \u00e4lskar att uppt\u00e4cka v\u00e4rlden \u2013 oavsett om det handlar om en l\u00e5ngresa, en weekendtrip eller en dr\u00f6mresa jorden runt. H\u00e4r f\u00e5r du inspiration, resetips och sp\u00e4nnande ber\u00e4ttelser fr\u00e5n b\u00e5de oss och v\u00e5ra g\u00e4ster. Podden startades i september 2021 av resebloggarna Linda&hellip; <a class=\"more-link\" href=\"https:\/\/jordenruntpodden.se\/?page_id=6\">Forts\u00e4tt l\u00e4sa <span class=\"screen-reader-text\">Om Jordenruntpodden<\/span><\/a><\/p>\n","protected":false},"author":1,"featured_media":0,"parent":0,"menu_order":0,"comment_status":"closed","ping_status":"closed","template":"","meta":{"footnotes":""},"class_list":["post-6","page","type-page","status-publish","hentry","entry"],"yoast_head":"<!-- This site is optimized with the Yoast SEO plugin v27.2 - https:\/\/yoast.com\/product\/yoast-seo-wordpress\/ -->\n<title>Jordenruntpodden - en resepodd<\/title>\n<meta name=\"description\" content=\"Jordenruntpodden \u00e4r en resepodd med Linda som \u00e4r resebloggare och Paulina som \u00e4r m\u00e4klare i Spanien. Vi vill tipsa och inspirera till resor.\" \/>\n<meta name=\"robots\" content=\"index, follow, max-snippet:-1, max-image-preview:large, max-video-preview:-1\" \/>\n<link rel=\"canonical\" href=\"https:\/\/jordenruntpodden.se\/?page_id=6\" \/>\n<meta property=\"og:locale\" content=\"sv_SE\" \/>\n<meta property=\"og:type\" content=\"article\" \/>\n<meta property=\"og:title\" content=\"Jordenruntpodden - en resepodd\" \/>\n<meta property=\"og:description\" content=\"Jordenruntpodden \u00e4r en resepodd med Linda som \u00e4r resebloggare och Paulina som \u00e4r m\u00e4klare i Spanien. Vi vill tipsa och inspirera till resor.\" \/>\n<meta property=\"og:url\" content=\"https:\/\/jordenruntpodden.se\/?page_id=6\" \/>\n<meta property=\"og:site_name\" content=\"Jordenruntpodden\" \/>\n<meta property=\"article:modified_time\" content=\"2025-04-01T10:28:54+00:00\" \/>\n<meta property=\"og:image\" content=\"https:\/\/jordenruntpodden.se\/wp-content\/uploads\/2022\/01\/FotografRosannaKoran-www.rokofoto.se-LindaCornelia-21jan2022-023-1.jpg\" \/>\n<meta name=\"twitter:card\" content=\"summary_large_image\" \/>\n<meta name=\"twitter:label1\" content=\"Ber\u00e4knad l\u00e4stid\" \/>\n\t<meta name=\"twitter:data1\" content=\"2 minuter\" \/>\n<script type=\"application\/ld+json\" class=\"yoast-schema-graph\">{\"@context\":\"https:\/\/schema.org\",\"@graph\":[{\"@type\":\"WebPage\",\"@id\":\"https:\/\/jordenruntpodden.se\/?page_id=6\",\"url\":\"https:\/\/jordenruntpodden.se\/?page_id=6\",\"name\":\"Jordenruntpodden - en resepodd\",\"isPartOf\":{\"@id\":\"https:\/\/jordenruntpodden.se\/#website\"},\"primaryImageOfPage\":{\"@id\":\"https:\/\/jordenruntpodden.se\/?page_id=6#primaryimage\"},\"image\":{\"@id\":\"https:\/\/jordenruntpodden.se\/?page_id=6#primaryimage\"},\"thumbnailUrl\":\"https:\/\/jordenruntpodden.se\/wp-content\/uploads\/2022\/01\/FotografRosannaKoran-www.rokofoto.se-LindaCornelia-21jan2022-023-1.jpg\",\"datePublished\":\"2021-09-29T14:36:05+00:00\",\"dateModified\":\"2025-04-01T10:28:54+00:00\",\"description\":\"Jordenruntpodden \u00e4r en resepodd med Linda som \u00e4r resebloggare och Paulina som \u00e4r m\u00e4klare i Spanien. Vi vill tipsa och inspirera till resor.\",\"breadcrumb\":{\"@id\":\"https:\/\/jordenruntpodden.se\/?page_id=6#breadcrumb\"},\"inLanguage\":\"sv-SE\",\"potentialAction\":[{\"@type\":\"ReadAction\",\"target\":[\"https:\/\/jordenruntpodden.se\/?page_id=6\"]}]},{\"@type\":\"ImageObject\",\"inLanguage\":\"sv-SE\",\"@id\":\"https:\/\/jordenruntpodden.se\/?page_id=6#primaryimage\",\"url\":\"https:\/\/jordenruntpodden.se\/wp-content\/uploads\/2022\/01\/FotografRosannaKoran-www.rokofoto.se-LindaCornelia-21jan2022-023-1.jpg\",\"contentUrl\":\"https:\/\/jordenruntpodden.se\/wp-content\/uploads\/2022\/01\/FotografRosannaKoran-www.rokofoto.se-LindaCornelia-21jan2022-023-1.jpg\",\"width\":1080,\"height\":720},{\"@type\":\"BreadcrumbList\",\"@id\":\"https:\/\/jordenruntpodden.se\/?page_id=6#breadcrumb\",\"itemListElement\":[{\"@type\":\"ListItem\",\"position\":1,\"name\":\"Hem\",\"item\":\"https:\/\/jordenruntpodden.se\/\"},{\"@type\":\"ListItem\",\"position\":2,\"name\":\"Om Jordenruntpodden\"}]},{\"@type\":\"WebSite\",\"@id\":\"https:\/\/jordenruntpodden.se\/#website\",\"url\":\"https:\/\/jordenruntpodden.se\/\",\"name\":\"Jordenruntpodden\",\"description\":\"en resepodd!\",\"publisher\":{\"@id\":\"https:\/\/jordenruntpodden.se\/#organization\"},\"potentialAction\":[{\"@type\":\"SearchAction\",\"target\":{\"@type\":\"EntryPoint\",\"urlTemplate\":\"https:\/\/jordenruntpodden.se\/?s={search_term_string}\"},\"query-input\":{\"@type\":\"PropertyValueSpecification\",\"valueRequired\":true,\"valueName\":\"search_term_string\"}}],\"inLanguage\":\"sv-SE\"},{\"@type\":\"Organization\",\"@id\":\"https:\/\/jordenruntpodden.se\/#organization\",\"name\":\"Jordenruntpodden\",\"url\":\"https:\/\/jordenruntpodden.se\/\",\"logo\":{\"@type\":\"ImageObject\",\"inLanguage\":\"sv-SE\",\"@id\":\"https:\/\/jordenruntpodden.se\/#\/schema\/logo\/image\/\",\"url\":\"https:\/\/jordenruntpodden.se\/wp-content\/uploads\/2021\/09\/cropped-Jorderruntpodden-vit.png\",\"contentUrl\":\"https:\/\/jordenruntpodden.se\/wp-content\/uploads\/2021\/09\/cropped-Jorderruntpodden-vit.png\",\"width\":512,\"height\":512,\"caption\":\"Jordenruntpodden\"},\"image\":{\"@id\":\"https:\/\/jordenruntpodden.se\/#\/schema\/logo\/image\/\"},\"sameAs\":[\"https:\/\/www.instagram.com\/jordenruntpodden\"]}]}<\/script>\n<!-- \/ Yoast SEO plugin. -->","yoast_head_json":{"title":"Jordenruntpodden - en resepodd","description":"Jordenruntpodden \u00e4r en resepodd med Linda som \u00e4r resebloggare och Paulina som \u00e4r m\u00e4klare i Spanien. Vi vill tipsa och inspirera till resor.","robots":{"index":"index","follow":"follow","max-snippet":"max-snippet:-1","max-image-preview":"max-image-preview:large","max-video-preview":"max-video-preview:-1"},"canonical":"https:\/\/jordenruntpodden.se\/?page_id=6","og_locale":"sv_SE","og_type":"article","og_title":"Jordenruntpodden - en resepodd","og_description":"Jordenruntpodden \u00e4r en resepodd med Linda som \u00e4r resebloggare och Paulina som \u00e4r m\u00e4klare i Spanien. Vi vill tipsa och inspirera till resor.","og_url":"https:\/\/jordenruntpodden.se\/?page_id=6","og_site_name":"Jordenruntpodden","article_modified_time":"2025-04-01T10:28:54+00:00","og_image":[{"url":"https:\/\/jordenruntpodden.se\/wp-content\/uploads\/2022\/01\/FotografRosannaKoran-www.rokofoto.se-LindaCornelia-21jan2022-023-1.jpg","type":"","width":"","height":""}],"twitter_card":"summary_large_image","twitter_misc":{"Ber\u00e4knad l\u00e4stid":"2 minuter"},"schema":{"@context":"https:\/\/schema.org","@graph":[{"@type":"WebPage","@id":"https:\/\/jordenruntpodden.se\/?page_id=6","url":"https:\/\/jordenruntpodden.se\/?page_id=6","name":"Jordenruntpodden - en resepodd","isPartOf":{"@id":"https:\/\/jordenruntpodden.se\/#website"},"primaryImageOfPage":{"@id":"https:\/\/jordenruntpodden.se\/?page_id=6#primaryimage"},"image":{"@id":"https:\/\/jordenruntpodden.se\/?page_id=6#primaryimage"},"thumbnailUrl":"https:\/\/jordenruntpodden.se\/wp-content\/uploads\/2022\/01\/FotografRosannaKoran-www.rokofoto.se-LindaCornelia-21jan2022-023-1.jpg","datePublished":"2021-09-29T14:36:05+00:00","dateModified":"2025-04-01T10:28:54+00:00","description":"Jordenruntpodden \u00e4r en resepodd med Linda som \u00e4r resebloggare och Paulina som \u00e4r m\u00e4klare i Spanien. Vi vill tipsa och inspirera till resor.","breadcrumb":{"@id":"https:\/\/jordenruntpodden.se\/?page_id=6#breadcrumb"},"inLanguage":"sv-SE","potentialAction":[{"@type":"ReadAction","target":["https:\/\/jordenruntpodden.se\/?page_id=6"]}]},{"@type":"ImageObject","inLanguage":"sv-SE","@id":"https:\/\/jordenruntpodden.se\/?page_id=6#primaryimage","url":"https:\/\/jordenruntpodden.se\/wp-content\/uploads\/2022\/01\/FotografRosannaKoran-www.rokofoto.se-LindaCornelia-21jan2022-023-1.jpg","contentUrl":"https:\/\/jordenruntpodden.se\/wp-content\/uploads\/2022\/01\/FotografRosannaKoran-www.rokofoto.se-LindaCornelia-21jan2022-023-1.jpg","width":1080,"height":720},{"@type":"BreadcrumbList","@id":"https:\/\/jordenruntpodden.se\/?page_id=6#breadcrumb","itemListElement":[{"@type":"ListItem","position":1,"name":"Hem","item":"https:\/\/jordenruntpodden.se\/"},{"@type":"ListItem","position":2,"name":"Om Jordenruntpodden"}]},{"@type":"WebSite","@id":"https:\/\/jordenruntpodden.se\/#website","url":"https:\/\/jordenruntpodden.se\/","name":"Jordenruntpodden","description":"en resepodd!","publisher":{"@id":"https:\/\/jordenruntpodden.se\/#organization"},"potentialAction":[{"@type":"SearchAction","target":{"@type":"EntryPoint","urlTemplate":"https:\/\/jordenruntpodden.se\/?s={search_term_string}"},"query-input":{"@type":"PropertyValueSpecification","valueRequired":true,"valueName":"search_term_string"}}],"inLanguage":"sv-SE"},{"@type":"Organization","@id":"https:\/\/jordenruntpodden.se\/#organization","name":"Jordenruntpodden","url":"https:\/\/jordenruntpodden.se\/","logo":{"@type":"ImageObject","inLanguage":"sv-SE","@id":"https:\/\/jordenruntpodden.se\/#\/schema\/logo\/image\/","url":"https:\/\/jordenruntpodden.se\/wp-content\/uploads\/2021\/09\/cropped-Jorderruntpodden-vit.png","contentUrl":"https:\/\/jordenruntpodden.se\/wp-content\/uploads\/2021\/09\/cropped-Jorderruntpodden-vit.png","width":512,"height":512,"caption":"Jordenruntpodden"},"image":{"@id":"https:\/\/jordenruntpodden.se\/#\/schema\/logo\/image\/"},"sameAs":["https:\/\/www.instagram.com\/jordenruntpodden"]}]}},"_links":{"self":[{"href":"https:\/\/jordenruntpodden.se\/index.php?rest_route=\/wp\/v2\/pages\/6","targetHints":{"allow":["GET"]}}],"collection":[{"href":"https:\/\/jordenruntpodden.se\/index.php?rest_route=\/wp\/v2\/pages"}],"about":[{"href":"https:\/\/jordenruntpodden.se\/index.php?rest_route=\/wp\/v2\/types\/page"}],"author":[{"embeddable":true,"href":"https:\/\/jordenruntpodden.se\/index.php?rest_route=\/wp\/v2\/users\/1"}],"replies":[{"embeddable":true,"href":"https:\/\/jordenruntpodden.se\/index.php?rest_route=%2Fwp%2Fv2%2Fcomments&post=6"}],"version-history":[{"count":18,"href":"https:\/\/jordenruntpodden.se\/index.php?rest_route=\/wp\/v2\/pages\/6\/revisions"}],"predecessor-version":[{"id":1127,"href":"https:\/\/jordenruntpodden.se\/index.php?rest_route=\/wp\/v2\/pages\/6\/revisions\/1127"}],"wp:attachment":[{"href":"https:\/\/jordenruntpodden.se\/index.php?rest_route=%2Fwp%2Fv2%2Fmedia&parent=6"}],"curies":[{"name":"wp","href":"https:\/\/api.w.org\/{rel}","templated":true}]}}