{"id":7,"date":"2021-09-29T14:36:05","date_gmt":"2021-09-29T14:36:05","guid":{"rendered":"https:\/\/jordenruntpodden.se\/?page_id=7"},"modified":"2023-12-25T10:33:59","modified_gmt":"2023-12-25T10:33:59","slug":"contact","status":"publish","type":"page","link":"https:\/\/jordenruntpodden.se\/?page_id=7","title":{"rendered":"Kontakt"},"content":{"rendered":"\n<p>Vill du komma i kontakt med oss? Vill du g\u00e4sta podden eller vill du att ditt varum\u00e4rke eller din destination ska h\u00f6ras och ber\u00e4ttas om i v\u00e5r podd? Vill du att vi kommer och bes\u00f6ker din destination och ber\u00e4ttar mer om det?<\/p>\n\n\n\n<p> <\/p>\n\n\n\n<div class=\"wp-block-contact-form-7-contact-form-selector\">\n<div class=\"wpcf7 no-js\" id=\"wpcf7-f82-o1\" lang=\"sv-SE\" dir=\"ltr\" data-wpcf7-id=\"82\">\n<div class=\"screen-reader-response\"><p role=\"status\" aria-live=\"polite\" aria-atomic=\"true\"><\/p> <ul><\/ul><\/div>\n<form action=\"\/index.php?rest_route=%2Fwp%2Fv2%2Fpages%2F7#wpcf7-f82-o1\" method=\"post\" class=\"wpcf7-form init\" aria-label=\"Kontaktformul\u00e4r\" novalidate=\"novalidate\" data-status=\"init\">\n<fieldset class=\"hidden-fields-container\"><input type=\"hidden\" name=\"_wpcf7\" value=\"82\" \/><input type=\"hidden\" name=\"_wpcf7_version\" value=\"6.1.5\" \/><input type=\"hidden\" name=\"_wpcf7_locale\" value=\"sv_SE\" \/><input type=\"hidden\" name=\"_wpcf7_unit_tag\" value=\"wpcf7-f82-o1\" \/><input type=\"hidden\" name=\"_wpcf7_container_post\" value=\"0\" \/><input type=\"hidden\" name=\"_wpcf7_posted_data_hash\" value=\"\" \/>\n<\/fieldset>\n<p><label> Ditt namn (obligatorisk)<br \/>\n<span class=\"wpcf7-form-control-wrap\" data-name=\"your-name\"><input size=\"40\" maxlength=\"400\" class=\"wpcf7-form-control wpcf7-text wpcf7-validates-as-required\" aria-required=\"true\" aria-invalid=\"false\" value=\"\" type=\"text\" name=\"your-name\" \/><\/span> <\/label>\n<\/p>\n<p><label> Din e-post (obligatorisk)<br \/>\n<span class=\"wpcf7-form-control-wrap\" data-name=\"your-email\"><input size=\"40\" maxlength=\"400\" class=\"wpcf7-form-control wpcf7-email wpcf7-validates-as-required wpcf7-text wpcf7-validates-as-email\" aria-required=\"true\" aria-invalid=\"false\" value=\"\" type=\"email\" name=\"your-email\" \/><\/span> <\/label>\n<\/p>\n<p><label> \u00c4mne<br \/>\n<span class=\"wpcf7-form-control-wrap\" data-name=\"your-subject\"><input size=\"40\" maxlength=\"400\" class=\"wpcf7-form-control wpcf7-text\" aria-invalid=\"false\" value=\"\" type=\"text\" name=\"your-subject\" \/><\/span> <\/label>\n<\/p>\n<p><label> Ditt meddelande<br \/>\n<span class=\"wpcf7-form-control-wrap\" data-name=\"your-message\"><textarea cols=\"40\" rows=\"10\" maxlength=\"2000\" class=\"wpcf7-form-control wpcf7-textarea\" aria-invalid=\"false\" name=\"your-message\"><\/textarea><\/span> <\/label>\n<\/p>\n<p><input class=\"wpcf7-form-control wpcf7-submit has-spinner\" type=\"submit\" value=\"Skicka\" \/>\n<\/p><div class=\"wpcf7-response-output\" aria-hidden=\"true\"><\/div>\n<\/form>\n<\/div>\n<\/div>\n","protected":false},"excerpt":{"rendered":"<p>Vill du komma i kontakt med oss? Vill du g\u00e4sta podden eller vill du att ditt varum\u00e4rke eller din destination ska h\u00f6ras och ber\u00e4ttas om i v\u00e5r podd? Vill du att vi kommer och bes\u00f6ker din destination och ber\u00e4ttar mer om det?<\/p>\n","protected":false},"author":1,"featured_media":0,"parent":0,"menu_order":0,"comment_status":"closed","ping_status":"closed","template":"","meta":{"footnotes":""},"class_list":["post-7","page","type-page","status-publish","hentry","entry"],"yoast_head":"<!-- This site is optimized with the Yoast SEO plugin v27.2 - https:\/\/yoast.com\/product\/yoast-seo-wordpress\/ -->\n<title>Kontakt - Jordenruntpodden<\/title>\n<meta name=\"description\" content=\"Vill du komma i kontakt med oss p\u00e5 Jordenruntpodden eller \u00e4r du intresserad av ett samarbete. L\u00e4s mer om oss h\u00e4r.\" \/>\n<meta name=\"robots\" content=\"index, follow, max-snippet:-1, max-image-preview:large, max-video-preview:-1\" \/>\n<link rel=\"canonical\" href=\"https:\/\/jordenruntpodden.se\/?page_id=7\" \/>\n<meta property=\"og:locale\" content=\"sv_SE\" \/>\n<meta property=\"og:type\" content=\"article\" \/>\n<meta property=\"og:title\" content=\"Kontakt - Jordenruntpodden\" \/>\n<meta property=\"og:description\" content=\"Vill du komma i kontakt med oss p\u00e5 Jordenruntpodden eller \u00e4r du intresserad av ett samarbete. L\u00e4s mer om oss h\u00e4r.\" \/>\n<meta property=\"og:url\" content=\"https:\/\/jordenruntpodden.se\/?page_id=7\" \/>\n<meta property=\"og:site_name\" content=\"Jordenruntpodden\" \/>\n<meta property=\"article:modified_time\" content=\"2023-12-25T10:33:59+00:00\" \/>\n<meta name=\"twitter:card\" content=\"summary_large_image\" \/>\n<meta name=\"twitter:label1\" content=\"Ber\u00e4knad l\u00e4stid\" \/>\n\t<meta name=\"twitter:data1\" content=\"1 minut\" \/>\n<script type=\"application\/ld+json\" class=\"yoast-schema-graph\">{\"@context\":\"https:\/\/schema.org\",\"@graph\":[{\"@type\":\"WebPage\",\"@id\":\"https:\/\/jordenruntpodden.se\/?page_id=7\",\"url\":\"https:\/\/jordenruntpodden.se\/?page_id=7\",\"name\":\"Kontakt - Jordenruntpodden\",\"isPartOf\":{\"@id\":\"https:\/\/jordenruntpodden.se\/#website\"},\"datePublished\":\"2021-09-29T14:36:05+00:00\",\"dateModified\":\"2023-12-25T10:33:59+00:00\",\"description\":\"Vill du komma i kontakt med oss p\u00e5 Jordenruntpodden eller \u00e4r du intresserad av ett samarbete. L\u00e4s mer om oss h\u00e4r.\",\"breadcrumb\":{\"@id\":\"https:\/\/jordenruntpodden.se\/?page_id=7#breadcrumb\"},\"inLanguage\":\"sv-SE\",\"potentialAction\":[{\"@type\":\"ReadAction\",\"target\":[\"https:\/\/jordenruntpodden.se\/?page_id=7\"]}]},{\"@type\":\"BreadcrumbList\",\"@id\":\"https:\/\/jordenruntpodden.se\/?page_id=7#breadcrumb\",\"itemListElement\":[{\"@type\":\"ListItem\",\"position\":1,\"name\":\"Hem\",\"item\":\"https:\/\/jordenruntpodden.se\/\"},{\"@type\":\"ListItem\",\"position\":2,\"name\":\"Kontakt\"}]},{\"@type\":\"WebSite\",\"@id\":\"https:\/\/jordenruntpodden.se\/#website\",\"url\":\"https:\/\/jordenruntpodden.se\/\",\"name\":\"Jordenruntpodden\",\"description\":\"en resepodd!\",\"publisher\":{\"@id\":\"https:\/\/jordenruntpodden.se\/#organization\"},\"potentialAction\":[{\"@type\":\"SearchAction\",\"target\":{\"@type\":\"EntryPoint\",\"urlTemplate\":\"https:\/\/jordenruntpodden.se\/?s={search_term_string}\"},\"query-input\":{\"@type\":\"PropertyValueSpecification\",\"valueRequired\":true,\"valueName\":\"search_term_string\"}}],\"inLanguage\":\"sv-SE\"},{\"@type\":\"Organization\",\"@id\":\"https:\/\/jordenruntpodden.se\/#organization\",\"name\":\"Jordenruntpodden\",\"url\":\"https:\/\/jordenruntpodden.se\/\",\"logo\":{\"@type\":\"ImageObject\",\"inLanguage\":\"sv-SE\",\"@id\":\"https:\/\/jordenruntpodden.se\/#\/schema\/logo\/image\/\",\"url\":\"https:\/\/jordenruntpodden.se\/wp-content\/uploads\/2021\/09\/cropped-Jorderruntpodden-vit.png\",\"contentUrl\":\"https:\/\/jordenruntpodden.se\/wp-content\/uploads\/2021\/09\/cropped-Jorderruntpodden-vit.png\",\"width\":512,\"height\":512,\"caption\":\"Jordenruntpodden\"},\"image\":{\"@id\":\"https:\/\/jordenruntpodden.se\/#\/schema\/logo\/image\/\"},\"sameAs\":[\"https:\/\/www.instagram.com\/jordenruntpodden\"]}]}<\/script>\n<!-- \/ Yoast SEO plugin. -->","yoast_head_json":{"title":"Kontakt - Jordenruntpodden","description":"Vill du komma i kontakt med oss p\u00e5 Jordenruntpodden eller \u00e4r du intresserad av ett samarbete. L\u00e4s mer om oss h\u00e4r.","robots":{"index":"index","follow":"follow","max-snippet":"max-snippet:-1","max-image-preview":"max-image-preview:large","max-video-preview":"max-video-preview:-1"},"canonical":"https:\/\/jordenruntpodden.se\/?page_id=7","og_locale":"sv_SE","og_type":"article","og_title":"Kontakt - Jordenruntpodden","og_description":"Vill du komma i kontakt med oss p\u00e5 Jordenruntpodden eller \u00e4r du intresserad av ett samarbete. L\u00e4s mer om oss h\u00e4r.","og_url":"https:\/\/jordenruntpodden.se\/?page_id=7","og_site_name":"Jordenruntpodden","article_modified_time":"2023-12-25T10:33:59+00:00","twitter_card":"summary_large_image","twitter_misc":{"Ber\u00e4knad l\u00e4stid":"1 minut"},"schema":{"@context":"https:\/\/schema.org","@graph":[{"@type":"WebPage","@id":"https:\/\/jordenruntpodden.se\/?page_id=7","url":"https:\/\/jordenruntpodden.se\/?page_id=7","name":"Kontakt - Jordenruntpodden","isPartOf":{"@id":"https:\/\/jordenruntpodden.se\/#website"},"datePublished":"2021-09-29T14:36:05+00:00","dateModified":"2023-12-25T10:33:59+00:00","description":"Vill du komma i kontakt med oss p\u00e5 Jordenruntpodden eller \u00e4r du intresserad av ett samarbete. L\u00e4s mer om oss h\u00e4r.","breadcrumb":{"@id":"https:\/\/jordenruntpodden.se\/?page_id=7#breadcrumb"},"inLanguage":"sv-SE","potentialAction":[{"@type":"ReadAction","target":["https:\/\/jordenruntpodden.se\/?page_id=7"]}]},{"@type":"BreadcrumbList","@id":"https:\/\/jordenruntpodden.se\/?page_id=7#breadcrumb","itemListElement":[{"@type":"ListItem","position":1,"name":"Hem","item":"https:\/\/jordenruntpodden.se\/"},{"@type":"ListItem","position":2,"name":"Kontakt"}]},{"@type":"WebSite","@id":"https:\/\/jordenruntpodden.se\/#website","url":"https:\/\/jordenruntpodden.se\/","name":"Jordenruntpodden","description":"en resepodd!","publisher":{"@id":"https:\/\/jordenruntpodden.se\/#organization"},"potentialAction":[{"@type":"SearchAction","target":{"@type":"EntryPoint","urlTemplate":"https:\/\/jordenruntpodden.se\/?s={search_term_string}"},"query-input":{"@type":"PropertyValueSpecification","valueRequired":true,"valueName":"search_term_string"}}],"inLanguage":"sv-SE"},{"@type":"Organization","@id":"https:\/\/jordenruntpodden.se\/#organization","name":"Jordenruntpodden","url":"https:\/\/jordenruntpodden.se\/","logo":{"@type":"ImageObject","inLanguage":"sv-SE","@id":"https:\/\/jordenruntpodden.se\/#\/schema\/logo\/image\/","url":"https:\/\/jordenruntpodden.se\/wp-content\/uploads\/2021\/09\/cropped-Jorderruntpodden-vit.png","contentUrl":"https:\/\/jordenruntpodden.se\/wp-content\/uploads\/2021\/09\/cropped-Jorderruntpodden-vit.png","width":512,"height":512,"caption":"Jordenruntpodden"},"image":{"@id":"https:\/\/jordenruntpodden.se\/#\/schema\/logo\/image\/"},"sameAs":["https:\/\/www.instagram.com\/jordenruntpodden"]}]}},"_links":{"self":[{"href":"https:\/\/jordenruntpodden.se\/index.php?rest_route=\/wp\/v2\/pages\/7","targetHints":{"allow":["GET"]}}],"collection":[{"href":"https:\/\/jordenruntpodden.se\/index.php?rest_route=\/wp\/v2\/pages"}],"about":[{"href":"https:\/\/jordenruntpodden.se\/index.php?rest_route=\/wp\/v2\/types\/page"}],"author":[{"embeddable":true,"href":"https:\/\/jordenruntpodden.se\/index.php?rest_route=\/wp\/v2\/users\/1"}],"replies":[{"embeddable":true,"href":"https:\/\/jordenruntpodden.se\/index.php?rest_route=%2Fwp%2Fv2%2Fcomments&post=7"}],"version-history":[{"count":8,"href":"https:\/\/jordenruntpodden.se\/index.php?rest_route=\/wp\/v2\/pages\/7\/revisions"}],"predecessor-version":[{"id":1018,"href":"https:\/\/jordenruntpodden.se\/index.php?rest_route=\/wp\/v2\/pages\/7\/revisions\/1018"}],"wp:attachment":[{"href":"https:\/\/jordenruntpodden.se\/index.php?rest_route=%2Fwp%2Fv2%2Fmedia&parent=7"}],"curies":[{"name":"wp","href":"https:\/\/api.w.org\/{rel}","templated":true}]}}