{"id":8,"date":"2021-09-29T14:36:05","date_gmt":"2021-09-29T14:36:05","guid":{"rendered":"https:\/\/jordenruntpodden.se\/?page_id=8"},"modified":"2023-10-04T06:24:57","modified_gmt":"2023-10-04T06:24:57","slug":"avsnitten","status":"publish","type":"page","link":"https:\/\/jordenruntpodden.se\/?page_id=8","title":{"rendered":"Avsnitten"},"content":{"rendered":"\n<h2 class=\"wp-block-heading\">Avsnitt 21 &#8211; Chris har bes\u00f6kt alla v\u00e4rldens l\u00e4nder.<\/h2>\n\n\n\n<figure class=\"wp-block-embed is-type-rich is-provider-spotify wp-block-embed-spotify wp-embed-aspect-21-9 wp-has-aspect-ratio\"><div class=\"wp-block-embed__wrapper\">\n<iframe title=\"Spotify Embed: 21. Chris har bes\u00f6kt alla v\u00e4rldens l\u00e4nder. Lyssna p\u00e5 v\u00e5r intervju med honom.\" style=\"border-radius: 12px\" width=\"100%\" height=\"152\" frameborder=\"0\" allowfullscreen allow=\"autoplay; clipboard-write; encrypted-media; fullscreen; picture-in-picture\" loading=\"lazy\" src=\"https:\/\/open.spotify.com\/embed\/episode\/6u172GdmQH7v6BuPED4LKD?si=zWJQ1AQdRFC7IwELMyqjUg&#038;utm_source=oembed\"><\/iframe>\n<\/div><\/figure>\n\n\n\n<p>I avsnitt 21 av Jordenruntpodden intervjuar vi Chris (christravel100 p\u00e5 Instagram) fr\u00e5n Sk\u00e5ne som f\u00f6r n\u00e5gra m\u00e5nader sedan n\u00e5dde sitt m\u00e5l att ha bes\u00f6kt alla v\u00e4rldens 197 l\u00e4nder. Han ber\u00e4ttar varf\u00f6r han valde att resa p\u00e5 det h\u00e4r s\u00e4ttet och hur det g\u00e5r att kombinera med ett jobb. Vilket land vill han g\u00e4rna tillbaka till? Och vad blir n\u00e4sta m\u00e5l?&nbsp; Hur funkar det med resef\u00f6rs\u00e4kringen om man f\u00e5r malaria och m\u00e5ste b\u00e4ras till sjukhus? Vilket land promenerade Chris runt p\u00e5 n\u00e5gra timmar? Och vad \u00e4r det Chris ber\u00e4ttar om Spanien som g\u00f6r att Paulina funderar p\u00e5 att klippa bort det?&nbsp;<\/p>\n\n\n\n<p>Chris ber\u00e4ttar ocks\u00e5 om sin n\u00e4sta resa f\u00f6r sj\u00e4lvklart har han redan ett nytt m\u00e5l p\u00e5 g\u00e5ng.&nbsp;<\/p>\n\n\n\n<p>Linda &amp; Paulina delar ocks\u00e5 med sig av sina topp 3 fr\u00e5n sommaren 2023.&nbsp;<\/p>\n\n\n\n<p>Chris instagram hittar du <a href=\"http:\/\/instagram.com\/christravel100\">h\u00e4r<\/a>. <\/p>\n\n\n\n<p><a href=\"http:\/\/instagram.com\/jordenruntpodden\">Jordenruntpoddens instagram.<\/a><\/p>\n\n\n\n<p><a href=\"http:\/\/instagram.com\/2globetrotters_resermedbarn\">Lindas instagram.<\/a><\/p>\n\n\n\n<div class=\"wp-block-query is-layout-flow wp-block-query-is-layout-flow\"><ul class=\"wp-block-post-template is-layout-flow wp-block-post-template-is-layout-flow\"><li class=\"wp-block-post post-1182 post type-post status-publish format-standard hentry category-poddavsnitt tag-avsnitt-48 tag-resa-medvetet tag-resepodd entry\">\n<h2 class=\"wp-block-post-title\"><a href=\"https:\/\/jordenruntpodden.se\/?p=1182\" target=\"_self\" >Hur kan man forts\u00e4tta resa \u2013 men g\u00f6ra mer medvetna val?<\/a><\/h2>\n\n\n\n<div class=\"wp-block-post-excerpt\"><p class=\"wp-block-post-excerpt__excerpt\">Hur ska man t\u00e4nka kring att resa medvetet? Kan man \u00e4lska att resa och samtidigt ta ansvar f\u00f6r hur man p\u00e5verkar v\u00e4rlden? I det h\u00e4r avsnittet m\u00f6ter vi Linda Vismer, turismstrateg inom h\u00e5llbar och regenerativ turism, och pratar om hur man kan forts\u00e4tta uppt\u00e4cka v\u00e4rlden \u2013 men g\u00f6ra mer medvetna val som resen\u00e4r. Vi pratar&hellip;&hellip; <\/p><\/div>\n\n\n<hr class=\"wp-block-separator has-css-opacity\"\/>\n\n\n<div class=\"wp-block-post-date\"><time datetime=\"2026-03-23T14:54:20+00:00\">mars 23, 2026<\/time><\/div>\n<\/li><li class=\"wp-block-post post-1173 post type-post status-publish format-standard hentry category-poddavsnitt tag-maxande-matilda tag-resenar tag-resepodd entry\">\n<h2 class=\"wp-block-post-title\"><a href=\"https:\/\/jordenruntpodden.se\/?p=1173\" target=\"_self\" >Avsnitt 47 &#8211; Vilken typ av resen\u00e4r \u00e4r du \u2013 varf\u00f6r skaver det n\u00e4r man reser tillsammans?<\/a><\/h2>\n\n\n\n<div class=\"wp-block-post-excerpt\"><p class=\"wp-block-post-excerpt__excerpt\">Varf\u00f6r kan samma resa k\u00e4nnas fantastisk f\u00f6r en person \u2013 och frustrerande f\u00f6r en annan? Ofta handlar det mindre om resm\u00e5let och mer om hur olika vi \u00e4r n\u00e4r vi reser tillsammans. I det h\u00e4r avsnittet pratar vi om olika typer av resen\u00e4rer och varf\u00f6r det s\u00e5 l\u00e4tt kan skava p\u00e5 resa \u2013 \u00e4ven n\u00e4r&hellip;&hellip; <\/p><\/div>\n\n\n<hr class=\"wp-block-separator has-css-opacity\"\/>\n\n\n<div class=\"wp-block-post-date\"><time datetime=\"2026-02-04T23:40:03+00:00\">februari 4, 2026<\/time><\/div>\n<\/li><li class=\"wp-block-post post-1164 post type-post status-publish format-standard has-post-thumbnail hentry category-poddavsnitt tag-adriatiska-havet tag-bled tag-europa-roadtrip tag-hyrbil-slovenien tag-julianska-alperna tag-kroatien tag-ljubljana tag-paulina-reser tag-resa-till-slovenien tag-resainspiration tag-resepodcast tag-resmal-i-europa tag-restips tag-roadtrip-slovenien tag-slovenien tag-zagreb entry\">\n<h2 class=\"wp-block-post-title\"><a href=\"https:\/\/jordenruntpodden.se\/?p=1164\" target=\"_self\" >Avsnitt 44 &#8211; Roadtrip genom Slovenien \u2013 natur, mat och ov\u00e4ntade m\u00f6ten<\/a><\/h2>\n\n<figure class=\"alignwide wp-block-post-featured-image\"><a href=\"https:\/\/jordenruntpodden.se\/?p=1164\" target=\"_self\"  ><img loading=\"lazy\" decoding=\"async\" width=\"1568\" height=\"1176\" src=\"https:\/\/jordenruntpodden.se\/wp-content\/uploads\/2025\/11\/60f37633-c22e-4382-afb4-0a1b64ee556b-1568x1176.jpeg\" class=\"attachment-post-thumbnail size-post-thumbnail wp-post-image\" alt=\"Avsnitt 44 &#8211; Roadtrip genom Slovenien \u2013 natur, mat och ov\u00e4ntade m\u00f6ten\" style=\"width:100%;height:75%;max-width:1600px;object-fit:cover;\" srcset=\"https:\/\/jordenruntpodden.se\/wp-content\/uploads\/2025\/11\/60f37633-c22e-4382-afb4-0a1b64ee556b-1568x1176.jpeg 1568w, https:\/\/jordenruntpodden.se\/wp-content\/uploads\/2025\/11\/60f37633-c22e-4382-afb4-0a1b64ee556b-300x225.jpeg 300w, https:\/\/jordenruntpodden.se\/wp-content\/uploads\/2025\/11\/60f37633-c22e-4382-afb4-0a1b64ee556b-1024x768.jpeg 1024w, https:\/\/jordenruntpodden.se\/wp-content\/uploads\/2025\/11\/60f37633-c22e-4382-afb4-0a1b64ee556b-768x576.jpeg 768w, https:\/\/jordenruntpodden.se\/wp-content\/uploads\/2025\/11\/60f37633-c22e-4382-afb4-0a1b64ee556b-1536x1152.jpeg 1536w, https:\/\/jordenruntpodden.se\/wp-content\/uploads\/2025\/11\/60f37633-c22e-4382-afb4-0a1b64ee556b.jpeg 1600w\" sizes=\"auto, (max-width: 1568px) 100vw, 1568px\" \/><\/a><\/figure>\n\n<div class=\"wp-block-post-excerpt\"><p class=\"wp-block-post-excerpt__excerpt\">F\u00f6lj med p\u00e5 en roadtrip genom Slovenien \u2013 fr\u00e5n Alperna till Adriatiska havet. Natur, mat och ov\u00e4ntade m\u00f6ten i Europas gr\u00f6na hj\u00e4rta. <\/p><\/div>\n\n\n<hr class=\"wp-block-separator has-css-opacity\"\/>\n\n\n<div class=\"wp-block-post-date\"><time datetime=\"2026-02-04T23:23:14+00:00\">februari 4, 2026<\/time><\/div>\n<\/li><li class=\"wp-block-post post-1168 post type-post status-publish format-standard hentry category-poddavsnitt tag-arktis tag-coolcation tag-isbjorn tag-ishavet tag-resepodd tag-spetsbergen tag-svalbard entry\">\n<h2 class=\"wp-block-post-title\"><a href=\"https:\/\/jordenruntpodden.se\/?p=1168\" target=\"_self\" >Avsnitt 43 &#8211; Resa till Svalbard &#8211; isbj\u00f6rnar, iskalla dopp &amp; praktiska tips<\/a><\/h2>\n\n\n\n<div class=\"wp-block-post-excerpt\"><p class=\"wp-block-post-excerpt__excerpt\">Isbj\u00f6rnar, iskalla bad och v\u00e4rldens nordligaste caf\u00e9 \u2013 f\u00f6lj med Jordenruntpodden till Svalbard!&nbsp;Linda ber\u00e4ttar om sina upplevelser i Arktis, vi delar praktiska restips, historia och svarar p\u00e5 lyssnarfr\u00e5gor om att resa runt p\u00e5 egen hand. F\u00f6lj med p\u00e5 en resa till Svalbard \u2013 platsen d\u00e4r dramatisk arktisk natur m\u00f6ter ov\u00e4ntade upplevelser. Linda ber\u00e4ttar om sitt&hellip;&hellip; <\/p><\/div>\n\n\n<hr class=\"wp-block-separator has-css-opacity\"\/>\n\n\n<div class=\"wp-block-post-date\"><time datetime=\"2025-11-03T22:09:57+00:00\">november 3, 2025<\/time><\/div>\n<\/li><li class=\"wp-block-post post-1159 post type-post status-publish format-standard hentry category-poddavsnitt tag-resepodd tag-resor tag-restrender tag-sommar entry\">\n<h2 class=\"wp-block-post-title\"><a href=\"https:\/\/jordenruntpodden.se\/?p=1159\" target=\"_self\" >Avsnitt 42 &#8211; Aktuella resetrender, v\u00e5ra resor och sommarutmaningen, 2025<\/a><\/h2>\n\n\n\n<div class=\"wp-block-post-excerpt\"><p class=\"wp-block-post-excerpt__excerpt\">\u201dUppt\u00e4ck resetrender 2025 och sommarresor i Jordenruntpodden \u2013 fr\u00e5n Slovenien och Kiruna till Svalbard och Blekinge. Lyssna p\u00e5 avsnitt 42!\u201d <\/p><\/div>\n\n\n<hr class=\"wp-block-separator has-css-opacity\"\/>\n\n\n<div class=\"wp-block-post-date\"><time datetime=\"2025-08-20T07:00:00+00:00\">augusti 20, 2025<\/time><\/div>\n<\/li><\/ul><\/div>\n","protected":false},"excerpt":{"rendered":"<p>Avsnitt 21 &#8211; Chris har bes\u00f6kt alla v\u00e4rldens l\u00e4nder. I avsnitt 21 av Jordenruntpodden intervjuar vi Chris (christravel100 p\u00e5 Instagram) fr\u00e5n Sk\u00e5ne som f\u00f6r n\u00e5gra m\u00e5nader sedan n\u00e5dde sitt m\u00e5l att ha bes\u00f6kt alla v\u00e4rldens 197 l\u00e4nder. Han ber\u00e4ttar varf\u00f6r han valde att resa p\u00e5 det h\u00e4r s\u00e4ttet och hur det g\u00e5r att kombinera med&hellip; <a class=\"more-link\" href=\"https:\/\/jordenruntpodden.se\/?page_id=8\">Forts\u00e4tt l\u00e4sa <span class=\"screen-reader-text\">Avsnitten<\/span><\/a><\/p>\n","protected":false},"author":1,"featured_media":0,"parent":0,"menu_order":0,"comment_status":"closed","ping_status":"closed","template":"","meta":{"footnotes":""},"class_list":["post-8","page","type-page","status-publish","hentry","entry"],"yoast_head":"<!-- This site is optimized with the Yoast SEO plugin v27.2 - https:\/\/yoast.com\/product\/yoast-seo-wordpress\/ -->\n<title>Avsnitten - Jordenruntpodden<\/title>\n<meta name=\"description\" content=\"Allt om det senaste och \u00e4ven tidigare avsnitt av Jordenruntpodden hittar du h\u00e4r. Vi l\u00e4nkar till tipsen vi n\u00e4mner i avsnitten.\" \/>\n<meta name=\"robots\" content=\"index, follow, max-snippet:-1, max-image-preview:large, max-video-preview:-1\" \/>\n<link rel=\"canonical\" href=\"https:\/\/jordenruntpodden.se\/?page_id=8\" \/>\n<meta property=\"og:locale\" content=\"sv_SE\" \/>\n<meta property=\"og:type\" content=\"article\" \/>\n<meta property=\"og:title\" content=\"Avsnitten - Jordenruntpodden\" \/>\n<meta property=\"og:description\" content=\"Allt om det senaste och \u00e4ven tidigare avsnitt av Jordenruntpodden hittar du h\u00e4r. Vi l\u00e4nkar till tipsen vi n\u00e4mner i avsnitten.\" \/>\n<meta property=\"og:url\" content=\"https:\/\/jordenruntpodden.se\/?page_id=8\" \/>\n<meta property=\"og:site_name\" content=\"Jordenruntpodden\" \/>\n<meta property=\"article:modified_time\" content=\"2023-10-04T06:24:57+00:00\" \/>\n<meta name=\"twitter:card\" content=\"summary_large_image\" \/>\n<meta name=\"twitter:label1\" content=\"Ber\u00e4knad l\u00e4stid\" \/>\n\t<meta name=\"twitter:data1\" content=\"1 minut\" \/>\n<script type=\"application\/ld+json\" class=\"yoast-schema-graph\">{\"@context\":\"https:\/\/schema.org\",\"@graph\":[{\"@type\":[\"Article\",\"BlogPosting\"],\"@id\":\"https:\/\/jordenruntpodden.se\/?page_id=8#article\",\"isPartOf\":{\"@id\":\"https:\/\/jordenruntpodden.se\/?page_id=8\"},\"author\":{\"name\":\"corneliatoneri\",\"@id\":\"https:\/\/jordenruntpodden.se\/#\/schema\/person\/44e054af94c86bfdb5e05660802e30bd\"},\"headline\":\"Avsnitten\",\"datePublished\":\"2021-09-29T14:36:05+00:00\",\"dateModified\":\"2023-10-04T06:24:57+00:00\",\"mainEntityOfPage\":{\"@id\":\"https:\/\/jordenruntpodden.se\/?page_id=8\"},\"wordCount\":200,\"publisher\":{\"@id\":\"https:\/\/jordenruntpodden.se\/#organization\"},\"inLanguage\":\"sv-SE\"},{\"@type\":[\"WebPage\",\"CollectionPage\"],\"@id\":\"https:\/\/jordenruntpodden.se\/?page_id=8\",\"url\":\"https:\/\/jordenruntpodden.se\/?page_id=8\",\"name\":\"Avsnitten - Jordenruntpodden\",\"isPartOf\":{\"@id\":\"https:\/\/jordenruntpodden.se\/#website\"},\"datePublished\":\"2021-09-29T14:36:05+00:00\",\"dateModified\":\"2023-10-04T06:24:57+00:00\",\"description\":\"Allt om det senaste och \u00e4ven tidigare avsnitt av Jordenruntpodden hittar du h\u00e4r. Vi l\u00e4nkar till tipsen vi n\u00e4mner i avsnitten.\",\"breadcrumb\":{\"@id\":\"https:\/\/jordenruntpodden.se\/?page_id=8#breadcrumb\"},\"inLanguage\":\"sv-SE\"},{\"@type\":\"BreadcrumbList\",\"@id\":\"https:\/\/jordenruntpodden.se\/?page_id=8#breadcrumb\",\"itemListElement\":[{\"@type\":\"ListItem\",\"position\":1,\"name\":\"Hem\",\"item\":\"https:\/\/jordenruntpodden.se\/\"},{\"@type\":\"ListItem\",\"position\":2,\"name\":\"Avsnitten\"}]},{\"@type\":\"WebSite\",\"@id\":\"https:\/\/jordenruntpodden.se\/#website\",\"url\":\"https:\/\/jordenruntpodden.se\/\",\"name\":\"Jordenruntpodden\",\"description\":\"en resepodd!\",\"publisher\":{\"@id\":\"https:\/\/jordenruntpodden.se\/#organization\"},\"potentialAction\":[{\"@type\":\"SearchAction\",\"target\":{\"@type\":\"EntryPoint\",\"urlTemplate\":\"https:\/\/jordenruntpodden.se\/?s={search_term_string}\"},\"query-input\":{\"@type\":\"PropertyValueSpecification\",\"valueRequired\":true,\"valueName\":\"search_term_string\"}}],\"inLanguage\":\"sv-SE\"},{\"@type\":\"Organization\",\"@id\":\"https:\/\/jordenruntpodden.se\/#organization\",\"name\":\"Jordenruntpodden\",\"url\":\"https:\/\/jordenruntpodden.se\/\",\"logo\":{\"@type\":\"ImageObject\",\"inLanguage\":\"sv-SE\",\"@id\":\"https:\/\/jordenruntpodden.se\/#\/schema\/logo\/image\/\",\"url\":\"https:\/\/jordenruntpodden.se\/wp-content\/uploads\/2021\/09\/cropped-Jorderruntpodden-vit.png\",\"contentUrl\":\"https:\/\/jordenruntpodden.se\/wp-content\/uploads\/2021\/09\/cropped-Jorderruntpodden-vit.png\",\"width\":512,\"height\":512,\"caption\":\"Jordenruntpodden\"},\"image\":{\"@id\":\"https:\/\/jordenruntpodden.se\/#\/schema\/logo\/image\/\"},\"sameAs\":[\"https:\/\/www.instagram.com\/jordenruntpodden\"]},{\"@type\":\"Person\",\"@id\":\"https:\/\/jordenruntpodden.se\/#\/schema\/person\/44e054af94c86bfdb5e05660802e30bd\",\"name\":\"corneliatoneri\",\"image\":{\"@type\":\"ImageObject\",\"inLanguage\":\"sv-SE\",\"@id\":\"https:\/\/secure.gravatar.com\/avatar\/82f8a1615ac1025abb3945f7ef254fd9306205dcd5616d72a629bffaa924c2e9?s=96&d=mm&r=g\",\"url\":\"https:\/\/secure.gravatar.com\/avatar\/82f8a1615ac1025abb3945f7ef254fd9306205dcd5616d72a629bffaa924c2e9?s=96&d=mm&r=g\",\"contentUrl\":\"https:\/\/secure.gravatar.com\/avatar\/82f8a1615ac1025abb3945f7ef254fd9306205dcd5616d72a629bffaa924c2e9?s=96&d=mm&r=g\",\"caption\":\"corneliatoneri\"},\"sameAs\":[\"http:\/\/jordenruntpodden.se\"],\"url\":\"https:\/\/jordenruntpodden.se\/?author=1\"}]}<\/script>\n<!-- \/ Yoast SEO plugin. -->","yoast_head_json":{"title":"Avsnitten - Jordenruntpodden","description":"Allt om det senaste och \u00e4ven tidigare avsnitt av Jordenruntpodden hittar du h\u00e4r. Vi l\u00e4nkar till tipsen vi n\u00e4mner i avsnitten.","robots":{"index":"index","follow":"follow","max-snippet":"max-snippet:-1","max-image-preview":"max-image-preview:large","max-video-preview":"max-video-preview:-1"},"canonical":"https:\/\/jordenruntpodden.se\/?page_id=8","og_locale":"sv_SE","og_type":"article","og_title":"Avsnitten - Jordenruntpodden","og_description":"Allt om det senaste och \u00e4ven tidigare avsnitt av Jordenruntpodden hittar du h\u00e4r. Vi l\u00e4nkar till tipsen vi n\u00e4mner i avsnitten.","og_url":"https:\/\/jordenruntpodden.se\/?page_id=8","og_site_name":"Jordenruntpodden","article_modified_time":"2023-10-04T06:24:57+00:00","twitter_card":"summary_large_image","twitter_misc":{"Ber\u00e4knad l\u00e4stid":"1 minut"},"schema":{"@context":"https:\/\/schema.org","@graph":[{"@type":["Article","BlogPosting"],"@id":"https:\/\/jordenruntpodden.se\/?page_id=8#article","isPartOf":{"@id":"https:\/\/jordenruntpodden.se\/?page_id=8"},"author":{"name":"corneliatoneri","@id":"https:\/\/jordenruntpodden.se\/#\/schema\/person\/44e054af94c86bfdb5e05660802e30bd"},"headline":"Avsnitten","datePublished":"2021-09-29T14:36:05+00:00","dateModified":"2023-10-04T06:24:57+00:00","mainEntityOfPage":{"@id":"https:\/\/jordenruntpodden.se\/?page_id=8"},"wordCount":200,"publisher":{"@id":"https:\/\/jordenruntpodden.se\/#organization"},"inLanguage":"sv-SE"},{"@type":["WebPage","CollectionPage"],"@id":"https:\/\/jordenruntpodden.se\/?page_id=8","url":"https:\/\/jordenruntpodden.se\/?page_id=8","name":"Avsnitten - Jordenruntpodden","isPartOf":{"@id":"https:\/\/jordenruntpodden.se\/#website"},"datePublished":"2021-09-29T14:36:05+00:00","dateModified":"2023-10-04T06:24:57+00:00","description":"Allt om det senaste och \u00e4ven tidigare avsnitt av Jordenruntpodden hittar du h\u00e4r. Vi l\u00e4nkar till tipsen vi n\u00e4mner i avsnitten.","breadcrumb":{"@id":"https:\/\/jordenruntpodden.se\/?page_id=8#breadcrumb"},"inLanguage":"sv-SE"},{"@type":"BreadcrumbList","@id":"https:\/\/jordenruntpodden.se\/?page_id=8#breadcrumb","itemListElement":[{"@type":"ListItem","position":1,"name":"Hem","item":"https:\/\/jordenruntpodden.se\/"},{"@type":"ListItem","position":2,"name":"Avsnitten"}]},{"@type":"WebSite","@id":"https:\/\/jordenruntpodden.se\/#website","url":"https:\/\/jordenruntpodden.se\/","name":"Jordenruntpodden","description":"en resepodd!","publisher":{"@id":"https:\/\/jordenruntpodden.se\/#organization"},"potentialAction":[{"@type":"SearchAction","target":{"@type":"EntryPoint","urlTemplate":"https:\/\/jordenruntpodden.se\/?s={search_term_string}"},"query-input":{"@type":"PropertyValueSpecification","valueRequired":true,"valueName":"search_term_string"}}],"inLanguage":"sv-SE"},{"@type":"Organization","@id":"https:\/\/jordenruntpodden.se\/#organization","name":"Jordenruntpodden","url":"https:\/\/jordenruntpodden.se\/","logo":{"@type":"ImageObject","inLanguage":"sv-SE","@id":"https:\/\/jordenruntpodden.se\/#\/schema\/logo\/image\/","url":"https:\/\/jordenruntpodden.se\/wp-content\/uploads\/2021\/09\/cropped-Jorderruntpodden-vit.png","contentUrl":"https:\/\/jordenruntpodden.se\/wp-content\/uploads\/2021\/09\/cropped-Jorderruntpodden-vit.png","width":512,"height":512,"caption":"Jordenruntpodden"},"image":{"@id":"https:\/\/jordenruntpodden.se\/#\/schema\/logo\/image\/"},"sameAs":["https:\/\/www.instagram.com\/jordenruntpodden"]},{"@type":"Person","@id":"https:\/\/jordenruntpodden.se\/#\/schema\/person\/44e054af94c86bfdb5e05660802e30bd","name":"corneliatoneri","image":{"@type":"ImageObject","inLanguage":"sv-SE","@id":"https:\/\/secure.gravatar.com\/avatar\/82f8a1615ac1025abb3945f7ef254fd9306205dcd5616d72a629bffaa924c2e9?s=96&d=mm&r=g","url":"https:\/\/secure.gravatar.com\/avatar\/82f8a1615ac1025abb3945f7ef254fd9306205dcd5616d72a629bffaa924c2e9?s=96&d=mm&r=g","contentUrl":"https:\/\/secure.gravatar.com\/avatar\/82f8a1615ac1025abb3945f7ef254fd9306205dcd5616d72a629bffaa924c2e9?s=96&d=mm&r=g","caption":"corneliatoneri"},"sameAs":["http:\/\/jordenruntpodden.se"],"url":"https:\/\/jordenruntpodden.se\/?author=1"}]}},"_links":{"self":[{"href":"https:\/\/jordenruntpodden.se\/index.php?rest_route=\/wp\/v2\/pages\/8","targetHints":{"allow":["GET"]}}],"collection":[{"href":"https:\/\/jordenruntpodden.se\/index.php?rest_route=\/wp\/v2\/pages"}],"about":[{"href":"https:\/\/jordenruntpodden.se\/index.php?rest_route=\/wp\/v2\/types\/page"}],"author":[{"embeddable":true,"href":"https:\/\/jordenruntpodden.se\/index.php?rest_route=\/wp\/v2\/users\/1"}],"replies":[{"embeddable":true,"href":"https:\/\/jordenruntpodden.se\/index.php?rest_route=%2Fwp%2Fv2%2Fcomments&post=8"}],"version-history":[{"count":8,"href":"https:\/\/jordenruntpodden.se\/index.php?rest_route=\/wp\/v2\/pages\/8\/revisions"}],"predecessor-version":[{"id":976,"href":"https:\/\/jordenruntpodden.se\/index.php?rest_route=\/wp\/v2\/pages\/8\/revisions\/976"}],"wp:attachment":[{"href":"https:\/\/jordenruntpodden.se\/index.php?rest_route=%2Fwp%2Fv2%2Fmedia&parent=8"}],"curies":[{"name":"wp","href":"https:\/\/api.w.org\/{rel}","templated":true}]}}